{"id":70,"date":"2020-11-30T05:58:59","date_gmt":"2020-11-30T04:58:59","guid":{"rendered":"https:\/\/reputationmanagementitalia.it\/al\/?page_id=70"},"modified":"2022-09-08T01:32:49","modified_gmt":"2022-09-07T23:32:49","slug":"contatti","status":"publish","type":"page","link":"https:\/\/reputationmanagementitalia.it\/al\/contatti\/","title":{"rendered":"Na kontaktoni"},"content":{"rendered":"\n<div class=\"wp-container-4 wp-block-columns\">\n<div class=\"wp-container-2 wp-block-column\">\n<h2><strong>Pran\u00eb jush 24\/7<\/strong><\/h2>\n\n\n\n<p>Ndonj\u00eb here duhet t\u00eb veprosh n\u00eb m\u00ebnyr\u00eb t\u00eb shpejt\u00eb p\u00ebr t\u00eb mbrojtur reputacionin: skuadra jon\u00eb \u00ebsht\u00eb n\u00eb dispozicionin tuaj imediat.&nbsp;<\/p>\n\n\n\n<p><strong>Reputation Management S.r.l.<\/strong><br>Via Ermete Brandimarte, 63<br>I-65123 Pescara (PE) \u2013 Italia<\/p>\n\n\n\n<p>Email: contatti@reputationmanagementitalia.it<br>Phone: +39 338 747 82 39<\/p>\n\n\n\n<div class=\"wp-container-1 wp-block-buttons\">\n<div class=\"wp-block-button\"><a class=\"wp-block-button__link\">Na shkruani<\/a><\/div>\n<\/div>\n<\/div>\n\n\n\n<div class=\"wp-container-3 wp-block-column\">\n<iframe loading=\"lazy\" src=\"https:\/\/www.google.com\/maps\/embed?pb=!1m14!1m8!1m3!1d11770.45122080047!2d14.1981851!3d42.478523!3m2!1i1024!2i768!4f13.1!3m3!1m2!1s0x1331a67e9a7f3d03%3A0xcb2550755802c8a2!2sVia%20Ermete%20Brandimarte%2C%2063%2C%2065123%20Pescara%20PE!5e0!3m2!1sit!2sit!4v1571168147172!5m2!1sit!2sit\" style=\"border:0;\" allowfullscreen=\"\" frameborder=\"0\" height=\"450\" width=\"600\"><\/iframe>\n<\/div>\n<\/div>\n","protected":false},"excerpt":{"rendered":"<p>Pran\u00eb jush 24\/7 Ndonj\u00eb here duhet t\u00eb veprosh n\u00eb m\u00ebnyr\u00eb t\u00eb shpejt\u00eb p\u00ebr t\u00eb mbrojtur reputacionin: skuadra jon\u00eb \u00ebsht\u00eb n\u00eb dispozicionin tuaj imediat.&nbsp; Reputation Management S.r.l.Via Ermete Brandimarte,&hellip;<\/p>\n","protected":false},"author":1,"featured_media":0,"parent":0,"menu_order":0,"comment_status":"closed","ping_status":"closed","template":"template-full-width.php","meta":[],"_links":{"self":[{"href":"https:\/\/reputationmanagementitalia.it\/al\/wp-json\/wp\/v2\/pages\/70"}],"collection":[{"href":"https:\/\/reputationmanagementitalia.it\/al\/wp-json\/wp\/v2\/pages"}],"about":[{"href":"https:\/\/reputationmanagementitalia.it\/al\/wp-json\/wp\/v2\/types\/page"}],"author":[{"embeddable":true,"href":"https:\/\/reputationmanagementitalia.it\/al\/wp-json\/wp\/v2\/users\/1"}],"replies":[{"embeddable":true,"href":"https:\/\/reputationmanagementitalia.it\/al\/wp-json\/wp\/v2\/comments?post=70"}],"version-history":[{"count":8,"href":"https:\/\/reputationmanagementitalia.it\/al\/wp-json\/wp\/v2\/pages\/70\/revisions"}],"predecessor-version":[{"id":213,"href":"https:\/\/reputationmanagementitalia.it\/al\/wp-json\/wp\/v2\/pages\/70\/revisions\/213"}],"wp:attachment":[{"href":"https:\/\/reputationmanagementitalia.it\/al\/wp-json\/wp\/v2\/media?parent=70"}],"curies":[{"name":"wp","href":"https:\/\/api.w.org\/{rel}","templated":true}]}}