{"id":20,"date":"2020-11-30T05:04:53","date_gmt":"2020-11-30T04:04:53","guid":{"rendered":"https:\/\/reputationmanagementitalia.it\/al\/?page_id=20"},"modified":"2022-09-08T01:18:20","modified_gmt":"2022-09-07T23:18:20","slug":"in-sintesi","status":"publish","type":"page","link":"https:\/\/reputationmanagementitalia.it\/al\/in-sintesi\/","title":{"rendered":"Rreth nesh"},"content":{"rendered":"\n<p><strong>Reputation Management<\/strong> \u00ebsht\u00eb nj\u00eb kompani e regjistruar n\u00eb Itali si start-up sipas Dekretit 179\/2012. Kompania synon t\u00eb ofroj\u00eb sh\u00ebrbime inovative dhe cil\u00ebsore n\u00eb sektorin e menaxhimit t\u00eb reputacionit, ve\u00e7an\u00ebrisht n\u00eb fushat e m\u00ebposhtme:<\/p>\n\n\n\n<ul><li>konsulenc\u00eb p\u00ebr kompanit\u00eb, organet publike dhe drejtuesit individual\u00eb n\u00eb sektorin e menaxhimit t\u00eb reputacionit;<\/li><li>konsulenc\u00eb n\u00eb menaxhimin e krizave, p\u00ebr parashikimin dhe menaxhimin e kriz\u00ebs s\u00eb reputacionit;<\/li><li>zhvillim i projekteve t\u00eb marr\u00ebdh\u00ebnieve me publikun, komunikimit digjital dhe p\u00ebrgjegj\u00ebsis\u00eb sociale t\u00eb korporat\u00ebs, t\u00eb nd\u00ebrmarra p\u00ebr p\u00ebrmir\u00ebsimin e indeksit t\u00eb reputacionit t\u00eb klientit;<\/li><li>hulumtim dhe zhvillim p\u00ebr aktivitetet e angazhimit t\u00eb pal\u00ebve t\u00eb interesuara;<\/li><li>bashk\u00ebpunime nd\u00ebruniversitare p\u00ebr zhvillimin e inovacionit n\u00eb fush\u00ebn e menaxhimit t\u00eb reputacionit;<\/li><li>edukim i talenteve t\u00eb rinj dhe i sip\u00ebrmarrjeve t\u00eb reja n\u00eb sektorin e menaxhimit t\u00eb reputacionit;<\/li><li>organizim i eventeve p\u00ebr njohuri shkencore dhe sjelljen e informacionit n\u00eb lidhje me menaxhimin e reputacionit dhe menaxhimin e krizave p\u00ebr publikun<\/li><\/ul>\n\n\n\n<p>Kompania \u00ebsht\u00eb e li\u00e7encor ekskluziv p\u00ebr modelin e biznesit US2018\/0150852 n\u00eb lidhje me nj\u00eb sistem t\u00eb ri t\u00eb hart\u00ebs s\u00eb pal\u00ebve t\u00eb interesuara dhe t\u00eb raportimit t\u00eb integruar me shum\u00eb kanale dhe t\u00eb ciklit t\u00eb vazhduesh\u00ebm me shum\u00eb pal\u00eb t\u00eb interesuara, dhe p\u00ebrdor idet\u00eb e kontribuuara nga profesor Luca Poma.<\/p>\n","protected":false},"excerpt":{"rendered":"<p>Reputation Management \u00ebsht\u00eb nj\u00eb kompani e regjistruar n\u00eb Itali si start-up sipas Dekretit 179\/2012. Kompania synon t\u00eb ofroj\u00eb sh\u00ebrbime inovative dhe cil\u00ebsore n\u00eb sektorin e menaxhimit t\u00eb reputacionit,&hellip;<\/p>\n","protected":false},"author":1,"featured_media":33,"parent":0,"menu_order":0,"comment_status":"closed","ping_status":"closed","template":"template-full-width-cover.php","meta":[],"_links":{"self":[{"href":"https:\/\/reputationmanagementitalia.it\/al\/wp-json\/wp\/v2\/pages\/20"}],"collection":[{"href":"https:\/\/reputationmanagementitalia.it\/al\/wp-json\/wp\/v2\/pages"}],"about":[{"href":"https:\/\/reputationmanagementitalia.it\/al\/wp-json\/wp\/v2\/types\/page"}],"author":[{"embeddable":true,"href":"https:\/\/reputationmanagementitalia.it\/al\/wp-json\/wp\/v2\/users\/1"}],"replies":[{"embeddable":true,"href":"https:\/\/reputationmanagementitalia.it\/al\/wp-json\/wp\/v2\/comments?post=20"}],"version-history":[{"count":6,"href":"https:\/\/reputationmanagementitalia.it\/al\/wp-json\/wp\/v2\/pages\/20\/revisions"}],"predecessor-version":[{"id":204,"href":"https:\/\/reputationmanagementitalia.it\/al\/wp-json\/wp\/v2\/pages\/20\/revisions\/204"}],"wp:featuredmedia":[{"embeddable":true,"href":"https:\/\/reputationmanagementitalia.it\/al\/wp-json\/wp\/v2\/media\/33"}],"wp:attachment":[{"href":"https:\/\/reputationmanagementitalia.it\/al\/wp-json\/wp\/v2\/media?parent=20"}],"curies":[{"name":"wp","href":"https:\/\/api.w.org\/{rel}","templated":true}]}}