{"id":104,"date":"2020-11-30T06:43:44","date_gmt":"2020-11-30T05:43:44","guid":{"rendered":"https:\/\/reputationmanagementitalia.it\/al\/?page_id=104"},"modified":"2022-09-08T01:16:44","modified_gmt":"2022-09-07T23:16:44","slug":"home","status":"publish","type":"page","link":"https:\/\/reputationmanagementitalia.it\/al\/","title":{"rendered":"Home"},"content":{"rendered":"\n<div class=\"wp-block-cover alignfull has-parallax\" style=\"background-image:url(https:\/\/reputationmanagementitalia.it\/al\/wp-content\/uploads\/2019\/10\/adventure-balance-balanced-7640-min.jpg)\"><span aria-hidden=\"true\" class=\"wp-block-cover__background has-primary-background-color has-background-dim-100 has-background-dim\"><\/span><div class=\"wp-block-cover__inner-container\">\n<p class=\"has-text-align-right\" style=\"font-size:26px\"> Relaksohuni, reputacioni juaj \u00ebsht\u00eb n\u00eb duar t\u00eb shk\u00eblqyera\u2026<\/p>\n<\/div><\/div>\n\n\n\n<h2>reputacion \\ rep\u00b7\u200bu\u00b7\u200bta\u00b7\u200bcion<\/h2>\n\n\n\n<p class=\"has-text-align-right\"><em>em\u00ebr<\/em><\/p>\n\n\n\n<p>1. cil\u00ebsia ose karakteri i p\u00ebrgjithsh\u00ebm si\u00e7 shihet ose gjykohet nga njer\u00ebzit n\u00eb p\u00ebrgjith\u00ebsi; njohja nga njer\u00ebzit e tjer\u00eb t\u00eb ndonj\u00eb karakteristike ose aft\u00ebsie.<\/p>\n\n\n\n<p><em>2. nj\u00eb vend n\u00eb mendimin ose respektin publik; em\u00ebr i mir\u00eb.<\/em><\/p>\n\n\n\n<div style=\"height:60px\" aria-hidden=\"true\" class=\"wp-block-spacer\"><\/div>\n\n\n\n<div class=\"wp-container-1 is-content-justification-right wp-block-buttons\"><\/div>\n\n\n\n<div class=\"wp-container-2 is-content-justification-right wp-block-buttons\">\n<div class=\"wp-block-button is-style-outline\"><a class=\"wp-block-button__link\" href=\"https:\/\/reputationmanagementitalia.it\/al\/aree-di-competenza\/\">Fushat e ekspertiz\u00ebs<\/a><\/div>\n<\/div>\n","protected":false},"excerpt":{"rendered":"<p>reputacion \\ rep\u00b7\u200bu\u00b7\u200bta\u00b7\u200bcion em\u00ebr 1. cil\u00ebsia ose karakteri i p\u00ebrgjithsh\u00ebm si\u00e7 shihet ose gjykohet nga njer\u00ebzit n\u00eb p\u00ebrgjith\u00ebsi; njohja nga njer\u00ebzit e tjer\u00eb t\u00eb ndonj\u00eb karakteristike ose aft\u00ebsie.&hellip;<\/p>\n","protected":false},"author":1,"featured_media":110,"parent":0,"menu_order":0,"comment_status":"closed","ping_status":"closed","template":"template-full-width-cover.php","meta":[],"_links":{"self":[{"href":"https:\/\/reputationmanagementitalia.it\/al\/wp-json\/wp\/v2\/pages\/104"}],"collection":[{"href":"https:\/\/reputationmanagementitalia.it\/al\/wp-json\/wp\/v2\/pages"}],"about":[{"href":"https:\/\/reputationmanagementitalia.it\/al\/wp-json\/wp\/v2\/types\/page"}],"author":[{"embeddable":true,"href":"https:\/\/reputationmanagementitalia.it\/al\/wp-json\/wp\/v2\/users\/1"}],"replies":[{"embeddable":true,"href":"https:\/\/reputationmanagementitalia.it\/al\/wp-json\/wp\/v2\/comments?post=104"}],"version-history":[{"count":7,"href":"https:\/\/reputationmanagementitalia.it\/al\/wp-json\/wp\/v2\/pages\/104\/revisions"}],"predecessor-version":[{"id":203,"href":"https:\/\/reputationmanagementitalia.it\/al\/wp-json\/wp\/v2\/pages\/104\/revisions\/203"}],"wp:featuredmedia":[{"embeddable":true,"href":"https:\/\/reputationmanagementitalia.it\/al\/wp-json\/wp\/v2\/media\/110"}],"wp:attachment":[{"href":"https:\/\/reputationmanagementitalia.it\/al\/wp-json\/wp\/v2\/media?parent=104"}],"curies":[{"name":"wp","href":"https:\/\/api.w.org\/{rel}","templated":true}]}}